{"id":3140,"date":"2023-09-17T05:19:27","date_gmt":"2023-09-17T05:19:27","guid":{"rendered":"https:\/\/diyarturk.com\/contact-us\/"},"modified":"2024-08-20T09:06:29","modified_gmt":"2024-08-20T09:06:29","slug":"contact-us","status":"publish","type":"page","link":"https:\/\/diyarturk.com\/ru\/contact-us\/","title":{"rendered":"\u0421\u0432\u044f\u0436\u0438\u0442\u0435\u0441\u044c \u0441 \u043d\u0430\u043c\u0438"},"content":{"rendered":"<div class=\"wpb-content-wrapper\"><p>[vc_section el_class=&#187;s1&#8243; woodmart_css_id=&#187;66371a3b4ba6c&#187; responsive_spacing=&#187;eyJwYXJhbV90eXBlIjoid29vZG1hcnRfcmVzcG9uc2l2ZV9zcGFjaW5nIiwic2VsZWN0b3JfaWQiOiI2NjM3MWEzYjRiYTZjIiwic2hvcnRjb2RlIjoidmNfc2VjdGlvbiIsImRhdGEiOnsidGFibGV0Ijp7fSwibW9iaWxlIjp7fX19&#8243; mobile_bg_img_hidden=&#187;no&#187; tablet_bg_img_hidden=&#187;no&#187; woodmart_parallax=&#187;0&#8243; woodmart_gradient_switch=&#187;no&#187; woodmart_box_shadow=&#187;no&#187; wd_z_index=&#187;no&#187; woodmart_disable_overflow=&#187;0&#8243;][vc_row gap=&#187;30&#8243; equal_height=&#187;yes&#187; content_placement=&#187;middle&#187; el_class=&#187;r1&#8243; woodmart_css_id=&#187;66371a6f216f1&#8243; responsive_spacing=&#187;eyJwYXJhbV90eXBlIjoid29vZG1hcnRfcmVzcG9uc2l2ZV9zcGFjaW5nIiwic2VsZWN0b3JfaWQiOiI2NjM3MWE2ZjIxNmYxIiwic2hvcnRjb2RlIjoidmNfcm93IiwiZGF0YSI6eyJ0YWJsZXQiOnt9LCJtb2JpbGUiOnt9fX0=&#187; mobile_bg_img_hidden=&#187;no&#187; tablet_bg_img_hidden=&#187;no&#187; woodmart_parallax=&#187;0&#8243; woodmart_gradient_switch=&#187;no&#187; woodmart_box_shadow=&#187;no&#187; wd_z_index=&#187;no&#187; woodmart_disable_overflow=&#187;0&#8243; row_reverse_mobile=&#187;0&#8243; row_reverse_tablet=&#187;0&#8243;][vc_column width=&#187;1\/2&#8243; el_class=&#187;c1&#8243; woodmart_css_id=&#187;66371952ab564&#8243; parallax_scroll=&#187;no&#187; woodmart_sticky_column=&#187;false&#187; wd_collapsible_content_switcher=&#187;no&#187; wd_column_role_offcanvas_desktop=&#187;no&#187; wd_column_role_offcanvas_tablet=&#187;no&#187; wd_column_role_offcanvas_mobile=&#187;no&#187; wd_column_role_content_desktop=&#187;no&#187; wd_column_role_content_tablet=&#187;no&#187; wd_column_role_content_mobile=&#187;no&#187; mobile_bg_img_hidden=&#187;no&#187; tablet_bg_img_hidden=&#187;no&#187; woodmart_parallax=&#187;0&#8243; woodmart_box_shadow=&#187;no&#187; responsive_spacing=&#187;eyJwYXJhbV90eXBlIjoid29vZG1hcnRfcmVzcG9uc2l2ZV9zcGFjaW5nIiwic2VsZWN0b3JfaWQiOiI2NjM3MTk1MmFiNTY0Iiwic2hvcnRjb2RlIjoidmNfY29sdW1uIiwiZGF0YSI6eyJ0YWJsZXQiOnt9LCJtb2JpbGUiOnt9fX0=&#187; mobile_reset_margin=&#187;no&#187; tablet_reset_margin=&#187;no&#187; wd_z_index=&#187;no&#187;]\t\t\t<link rel=\"stylesheet\" id=\"wd-section-title-css\" href=\"https:\/\/diyarturk.com\/wp-content\/themes\/woodmart\/css\/parts\/el-section-title.min.css?ver=7.5.1\" type=\"text\/css\" media=\"all\" \/> \t\t\t\t\t\t<link rel=\"stylesheet\" id=\"wd-mod-highlighted-text-css\" href=\"https:\/\/diyarturk.com\/wp-content\/themes\/woodmart\/css\/parts\/mod-highlighted-text.min.css?ver=7.5.1\" type=\"text\/css\" media=\"all\" \/> \t\t\t\n\t\t<div id=\"wd-66a3acbfe268b\" class=\"title-wrapper wd-wpb set-mb-s reset-last-child  wd-rs-66a3acbfe268b wd-title-color-default wd-title-style-default text-left  wd-underline-colored\">\n\t\t\t\n\t\t\t<div class=\"liner-continer\">\n\t\t\t\t<h4 class=\"woodmart-title-container title  wd-font-weight- wd-fontsize-l\" >\u0421\u0432\u044f\u0436\u0438\u0442\u0435\u0441\u044c \u0441 \u043d\u0430\u043c\u0438<\/h4>\n\t\t\t\t\t\t\t<\/div>\n\t\t\t\n\t\t\t\t\t\t\t<div class=\"title-after_title  set-cont-mb-s reset-last-child  wd-fontsize-xs\">\u0420\u0430\u0441\u043a\u0440\u043e\u0439\u0442\u0435 \u043f\u043e\u0442\u0435\u043d\u0446\u0438\u0430\u043b \u0441\u0432\u043e\u0438\u0445 \u0438\u043d\u0432\u0435\u0441\u0442\u0438\u0446\u0438\u0439 \u0432\u043c\u0435\u0441\u0442\u0435 \u0441 Diyar Turk. \u0418\u0437\u0443\u0447\u0438\u0442\u0435 \u043d\u0430\u0448\u0438 \u0437\u0430\u0445\u0432\u0430\u0442\u044b\u0432\u0430\u044e\u0449\u0438\u0435 \u043f\u0440\u043e\u0435\u043a\u0442\u044b \u043e\u043d\u043b\u0430\u0439\u043d \u0438\u043b\u0438 \u0441\u0432\u044f\u0436\u0438\u0442\u0435\u0441\u044c \u0441 \u043d\u0430\u0448\u0435\u0439 \u043a\u043e\u043c\u0430\u043d\u0434\u043e\u0439 \u044d\u043a\u0441\u043f\u0435\u0440\u0442\u043e\u0432, \u0447\u0442\u043e\u0431\u044b \u043d\u0430\u0439\u0442\u0438 \u0438\u0434\u0435\u0430\u043b\u044c\u043d\u0443\u044e \u0432\u043e\u0437\u043c\u043e\u0436\u043d\u043e\u0441\u0442\u044c \u0432 \u0422\u0443\u0440\u0446\u0438\u0438. <\/div>\n\t\t\t\n\t\t\t\n\t\t<\/div>\n\t\t\n\t\t\t\t\t<link rel=\"stylesheet\" id=\"wd-list-css\" href=\"https:\/\/diyarturk.com\/wp-content\/themes\/woodmart\/css\/parts\/el-list.min.css?ver=7.5.1\" type=\"text\/css\" media=\"all\" \/> \t\t\t\n\t\t<ul class=\" wd-rs-6675ba06ebe43 wd-list wd-wpb color-scheme- wd-fontsize-xs wd-list-type-icon wd-list-style-default wd-justify-left \" id=\"wd-6675ba06ebe43\">\n\t\t\t\t\t\t\t\t\t\t\t<li>\n\t\t\t\t\t<span class=\"list-icon wd-icon fas fa-map-marker-alt\"><\/span>\n\t\t\t\t\t<span class=\"list-content\">A\u011fao\u011flu 212 \u041c\u043e\u0439 \u043e\u0444\u0438\u0441 No:413 Mahmutbey Mahallesi, Ta\u015foca\u011f\u0131 Yolu Caddesi. \u0411\u0430\u0433\u0447\u0438\u043b\u0430\u0440, \u0421\u0442\u0430\u043c\u0431\u0443\u043b <\/span>\n\t\t\t\t\t\t\t\t\t<\/li>\n\t\t\t\t\t<\/ul>\n\t\t\n\t\t<ul class=\" wd-rs-6675ba1ac4e92 wd-list wd-wpb color-scheme- wd-fontsize-xs wd-list-type-icon wd-list-style-default wd-justify-left \" id=\"wd-6675ba1ac4e92\">\n\t\t\t\t\t\t\t\t\t\t\t<li>\n\t\t\t\t\t<span class=\"list-icon wd-icon fas fa-envelope\"><\/span>\n\t\t\t\t\t<span class=\"list-content\">Email: info@diyarturk.com<\/span>\n\t\t\t\t\t\t\t\t\t\t\t<a class=\"wd-fill\" href=\"mailto:info@diyarturk.com\" title=\"\" target=\"_blank\" aria-label=\"List link\"><\/a>\n\t\t\t\t\t\t\t\t\t<\/li>\n\t\t\t\t\t<\/ul>\n\t\t\n\t\t<ul class=\" wd-rs-6675ba36a2f3b wd-list wd-wpb color-scheme- wd-fontsize-xs wd-list-type-icon wd-list-style-default wd-justify-left \" id=\"wd-6675ba36a2f3b\">\n\t\t\t\t\t\t\t\t\t\t\t<li>\n\t\t\t\t\t<span class=\"list-icon wd-icon fas fa-mobile-alt\"><\/span>\n\t\t\t\t\t<span class=\"list-content\">Mobile: +90 552 600 3000<\/span>\n\t\t\t\t\t\t\t\t\t\t\t<a class=\"wd-fill\" href=\"tel:905526003000\" title=\"\" target=\"_blank\" aria-label=\"List link\"><\/a>\n\t\t\t\t\t\t\t\t\t<\/li>\n\t\t\t\t\t<\/ul>\n\t\t\n\t\t<ul class=\" wd-rs-6675ba462ce23 wd-list wd-wpb color-scheme- wd-fontsize-xs wd-list-type-icon wd-list-style-default wd-justify-left \" id=\"wd-6675ba462ce23\">\n\t\t\t\t\t\t\t\t\t\t\t<li>\n\t\t\t\t\t<span class=\"list-icon wd-icon fas fa-phone-alt\"><\/span>\n\t\t\t\t\t<span class=\"list-content\">Office: +90 212 464 9000<\/span>\n\t\t\t\t\t\t\t\t\t\t\t<a class=\"wd-fill\" href=\"tel:902124649000\" title=\"\" target=\"_blank\" aria-label=\"List link\"><\/a>\n\t\t\t\t\t\t\t\t\t<\/li>\n\t\t\t\t\t<\/ul>\n\t\t[\/vc_column][vc_column width=&#187;1\/12&#8243;][\/vc_column][vc_column width=&#187;5\/12&#8243; el_class=&#187;c2&#8243; woodmart_css_id=&#187;663719587c185&#8243; parallax_scroll=&#187;no&#187; woodmart_sticky_column=&#187;false&#187; wd_collapsible_content_switcher=&#187;no&#187; wd_column_role_offcanvas_desktop=&#187;no&#187; wd_column_role_offcanvas_tablet=&#187;no&#187; wd_column_role_offcanvas_mobile=&#187;no&#187; wd_column_role_content_desktop=&#187;no&#187; wd_column_role_content_tablet=&#187;no&#187; wd_column_role_content_mobile=&#187;no&#187; mobile_bg_img_hidden=&#187;no&#187; tablet_bg_img_hidden=&#187;no&#187; woodmart_parallax=&#187;0&#8243; woodmart_box_shadow=&#187;no&#187; responsive_spacing=&#187;eyJwYXJhbV90eXBlIjoid29vZG1hcnRfcmVzcG9uc2l2ZV9zcGFjaW5nIiwic2VsZWN0b3JfaWQiOiI2NjM3MTk1ODdjMTg1Iiwic2hvcnRjb2RlIjoidmNfY29sdW1uIiwiZGF0YSI6eyJ0YWJsZXQiOnt9LCJtb2JpbGUiOnt9fX0=&#187; mobile_reset_margin=&#187;no&#187; tablet_reset_margin=&#187;no&#187; wd_z_index=&#187;no&#187;]\n<div class=\"wpcf7 no-js\" id=\"wpcf7-f3282-o1\" lang=\"ru-RU\" dir=\"ltr\" data-wpcf7-id=\"3282\">\n<div class=\"screen-reader-response\"><p role=\"status\" aria-live=\"polite\" aria-atomic=\"true\"><\/p> <ul><\/ul><\/div>\n<form action=\"\/ru\/wp-json\/wp\/v2\/pages\/3140#wpcf7-f3282-o1\" method=\"post\" class=\"wpcf7-form init\" aria-label=\"\u041a\u043e\u043d\u0442\u0430\u043a\u0442\u043d\u0430\u044f \u0444\u043e\u0440\u043c\u0430\" novalidate=\"novalidate\" data-status=\"init\">\n<fieldset class=\"hidden-fields-container\"><input type=\"hidden\" name=\"_wpcf7\" value=\"3282\" \/><input type=\"hidden\" name=\"_wpcf7_version\" value=\"6.1.5\" \/><input type=\"hidden\" name=\"_wpcf7_locale\" value=\"ru_RU\" \/><input type=\"hidden\" name=\"_wpcf7_unit_tag\" value=\"wpcf7-f3282-o1\" \/><input type=\"hidden\" name=\"_wpcf7_container_post\" value=\"0\" \/><input type=\"hidden\" name=\"_wpcf7_posted_data_hash\" value=\"\" \/>\n<\/fieldset>\n<div class=\"form-heading\">\n        <h2>\u041f\u043e\u0437\u0432\u043e\u043b\u044c\u0442\u0435 \u043d\u0430\u043c \u0441\u0432\u044f\u0437\u0430\u0442\u044c\u0441\u044f \u0441 \u0412\u0430\u043c\u0438<\/h2>\n    <\/div>\n    <div class=\"fields-section\">\n        <div class=\"field-name\"><span class=\"wpcf7-form-control-wrap\" data-name=\"full-name\"><input size=\"40\" maxlength=\"400\" class=\"wpcf7-form-control wpcf7-text wpcf7-validates-as-required\" aria-required=\"true\" aria-invalid=\"false\" placeholder=\"\u0418\u043c\u044f\" value=\"\" type=\"text\" name=\"full-name\" \/><\/span><\/div>\n        <div class=\"field-phone\"><span class=\"wpcf7-form-control-wrap\" data-name=\"phone-number\"><input size=\"40\" class=\"wpcf7-form-control wpcf7-phonetext wpcf7-validates-as-required wpcf7-text wpcf7-validates-as-phonetext\" aria-required=\"true\" aria-invalid=\"false\" placeholder=\"\u0422\u0435\u043b\u0435\u0444\u043e\u043d\" value=\"\" type=\"text\" name=\"phone-number\" \/><input type=\"hidden\" name=\"phone-number-country-code\" class=\"wpcf7-phonetext-country-code\" \/><\/span><\/div>\n        <div class=\"field-email\"><span class=\"wpcf7-form-control-wrap\" data-name=\"email-address\"><input size=\"40\" maxlength=\"400\" class=\"wpcf7-form-control wpcf7-email wpcf7-validates-as-required wpcf7-text wpcf7-validates-as-email\" aria-required=\"true\" aria-invalid=\"false\" placeholder=\"\u042d\u043b\u0435\u043a\u0442\u0440\u043e\u043d\u043d\u0430\u044f \u043f\u043e\u0447\u0442\u0430\" value=\"\" type=\"email\" name=\"email-address\" \/><\/span><\/div>\n        <div class=\"field-message\"><span class=\"wpcf7-form-control-wrap\" data-name=\"message\"><textarea cols=\"40\" rows=\"10\" maxlength=\"2000\" class=\"wpcf7-form-control wpcf7-textarea\" aria-invalid=\"false\" placeholder=\"\u041e\u0431\u044a\u044f\u0441\u043d\u0438\u0442\u0435, \u043f\u043e\u0436\u0430\u043b\u0443\u0439\u0441\u0442\u0430, \u0441\u0432\u043e\u044e \u043f\u0440\u043e\u0441\u044c\u0431\u0443...\" name=\"message\"><\/textarea><\/span><\/div>\n    <\/div>\n    <div class=\"submit-section\">\n        <div class=\"field-button\"><input class=\"wpcf7-form-control wpcf7-submit has-spinner\" type=\"submit\" value=\"\u041e\u0442\u043f\u0440\u0430\u0432\u0438\u0442\u044c\" \/><\/div>\n    <\/div><div class=\"wpcf7-response-output\" aria-hidden=\"true\"><\/div>\n<\/form>\n<\/div>\n[\/vc_column][\/vc_row][\/vc_section]<\/p>\n<\/div>","protected":false},"excerpt":{"rendered":"<p>[vc_section el_class=&#187;s1&#8243; woodmart_css_id=&#187;66371a3b4ba6c&#187; responsive_spacing=&#187;eyJwYXJhbV90eXBlIjoid29vZG1hcnRfcmVzcG9uc2l2ZV9zcGFjaW5nIiwic2VsZWN0b3JfaWQiOiI2NjM3MWEzYjRiYTZjIiwic2hvcnRjb2RlIjoidmNfc2VjdGlvbiIsImRhdGEiOnsidGFibGV0Ijp7fSwibW9iaWxlIjp7fX19&#8243; mobile_bg_img_hidden=&#187;no&#187; tablet_bg_img_hidden=&#187;no&#187; woodmart_parallax=&#187;0&#8243; woodmart_gradient_switch=&#187;no&#187; woodmart_box_shadow=&#187;no&#187; wd_z_index=&#187;no&#187; woodmart_disable_overflow=&#187;0&#8243;][vc_row gap=&#187;30&#8243; equal_height=&#187;yes&#187; content_placement=&#187;middle&#187; el_class=&#187;r1&#8243; woodmart_css_id=&#187;66371a6f216f1&#8243; responsive_spacing=&#187;eyJwYXJhbV90eXBlIjoid29vZG1hcnRfcmVzcG9uc2l2ZV9zcGFjaW5nIiwic2VsZWN0b3JfaWQiOiI2NjM3MWE2ZjIxNmYxIiwic2hvcnRjb2RlIjoidmNfcm93IiwiZGF0YSI6eyJ0YWJsZXQiOnt9LCJtb2JpbGUiOnt9fX0=&#187; mobile_bg_img_hidden=&#187;no&#187; tablet_bg_img_hidden=&#187;no&#187; woodmart_parallax=&#187;0&#8243;<\/p>\n","protected":false},"author":1,"featured_media":0,"parent":0,"menu_order":0,"comment_status":"closed","ping_status":"closed","template":"","meta":{"_acf_changed":false,"footnotes":""},"class_list":["post-3140","page","type-page","status-publish","hentry"],"acf":[],"_links":{"self":[{"href":"https:\/\/diyarturk.com\/ru\/wp-json\/wp\/v2\/pages\/3140","targetHints":{"allow":["GET"]}}],"collection":[{"href":"https:\/\/diyarturk.com\/ru\/wp-json\/wp\/v2\/pages"}],"about":[{"href":"https:\/\/diyarturk.com\/ru\/wp-json\/wp\/v2\/types\/page"}],"author":[{"embeddable":true,"href":"https:\/\/diyarturk.com\/ru\/wp-json\/wp\/v2\/users\/1"}],"replies":[{"embeddable":true,"href":"https:\/\/diyarturk.com\/ru\/wp-json\/wp\/v2\/comments?post=3140"}],"version-history":[{"count":14,"href":"https:\/\/diyarturk.com\/ru\/wp-json\/wp\/v2\/pages\/3140\/revisions"}],"predecessor-version":[{"id":7568,"href":"https:\/\/diyarturk.com\/ru\/wp-json\/wp\/v2\/pages\/3140\/revisions\/7568"}],"wp:attachment":[{"href":"https:\/\/diyarturk.com\/ru\/wp-json\/wp\/v2\/media?parent=3140"}],"curies":[{"name":"wp","href":"https:\/\/api.w.org\/{rel}","templated":true}]}}